{"id":266,"date":"2023-06-26T23:46:47","date_gmt":"2023-06-27T02:46:47","guid":{"rendered":"https:\/\/drfillipeagra.com.br\/?page_id=266"},"modified":"2023-06-27T00:50:12","modified_gmt":"2023-06-27T03:50:12","slug":"blog","status":"publish","type":"page","link":"https:\/\/drfillipeagra.com.br\/?page_id=266","title":{"rendered":"Blog"},"content":{"rendered":"\t\t<div data-elementor-type=\"wp-page\" data-elementor-id=\"266\" class=\"elementor elementor-266\">\n\t\t\t\t\t\t<section class=\"elementor-section elementor-top-section elementor-element elementor-element-dc2d41b elementor-section-boxed elementor-section-height-default elementor-section-height-default\" data-id=\"dc2d41b\" data-element_type=\"section\" data-e-type=\"section\">\n\t\t\t\t\t\t<div class=\"elementor-container elementor-column-gap-default\">\n\t\t\t\t\t<div class=\"elementor-column elementor-col-100 elementor-top-column elementor-element elementor-element-4ad9b51\" data-id=\"4ad9b51\" data-element_type=\"column\" data-e-type=\"column\">\n\t\t\t<div class=\"elementor-widget-wrap elementor-element-populated\">\n\t\t\t\t\t\t<div class=\"elementor-element elementor-element-9aefa1d elementor-widget elementor-widget-eael-post-timeline\" data-id=\"9aefa1d\" data-element_type=\"widget\" data-e-type=\"widget\" data-widget_type=\"eael-post-timeline.default\">\n\t\t\t\t<div class=\"elementor-widget-container\">\n\t\t\t\t\t<div id=\"eael-post-timeline-9aefa1d\" class=\"eael-post-timeline timeline-layout-default eael-post-timeline-arrow-\">\n            <div class=\"eael-post-timeline eael-post-appender eael-post-appender-9aefa1d\"><article class=\"eael-timeline-post eael-timeline-column\">\n    <div class=\"eael-timeline-bullet\"><\/div>\n    <div class=\"eael-timeline-post-inner\">\n        <a class=\"eael-timeline-post-link\" href=\"https:\/\/drfillipeagra.com.br\/?p=369\" title=\"Fileira Dupla ou Fileira Simples: Qual seria a melhor para Reparo do Manguito Rotador?\">\n            <time datetime=\"28\/01\/2024\">28\/01\/2024<\/time>\n            <div class=\"eael-timeline-post-image  attachment-medium size-medium\" style=\"background-image: url(https:\/\/drfillipeagra.com.br\/wp-content\/uploads\/2024\/01\/double_row_0-xlarge-300x278.png);\"><\/div><div class=\"eael-timeline-post-excerpt\"><p>O reparo artrosc\u00f3pico do manguito rotador vem melhorando nos \u00faltimos anos, principalmente devido a curva de aprendizado dos cirurgi\u00f5es, qualidade dos instrumentais e melhores t\u00e9cnicas de fixa\u00e7\u00e3o. As suturas utilizando...<\/p><\/div><div class=\"eael-timeline-post-title\">\n                    <h4 class=\"eael-timeline-post-title-text\">Fileira Dupla ou Fileira Simples: Qual seria a melhor para Reparo do Manguito Rotador?<\/h4>\n                <\/div><\/a>\n    <\/div>\n<\/article><article class=\"eael-timeline-post eael-timeline-column\">\n    <div class=\"eael-timeline-bullet\"><\/div>\n    <div class=\"eael-timeline-post-inner\">\n        <a class=\"eael-timeline-post-link\" href=\"https:\/\/drfillipeagra.com.br\/?p=284\" title=\"Quais os tratamentos dispon\u00edveis para Epicondilite Lateral?\">\n            <time datetime=\"27\/06\/2023\">27\/06\/2023<\/time>\n            <div class=\"eael-timeline-post-image  attachment-medium size-medium\" style=\"background-image: url(https:\/\/drfillipeagra.com.br\/wp-content\/uploads\/2023\/06\/tennis_elbow-1-284x300.jpeg);\"><\/div><div class=\"eael-timeline-post-excerpt\"><p>Existem diversas modalidades de tratamento conservadoras para tratar a epicondilite lateral, incluindo: 1. Fisioterapia: Exerc\u00edcios s\u00e3o sempre a primeira escolha no tratamento conservador, o alongamento e fortalecimento num protocolo individualizado...<\/p><\/div><div class=\"eael-timeline-post-title\">\n                    <h4 class=\"eael-timeline-post-title-text\">Quais os tratamentos dispon\u00edveis para Epicondilite Lateral?<\/h4>\n                <\/div><\/a>\n    <\/div>\n<\/article><article class=\"eael-timeline-post eael-timeline-column\">\n    <div class=\"eael-timeline-bullet\"><\/div>\n    <div class=\"eael-timeline-post-inner\">\n        <a class=\"eael-timeline-post-link\" href=\"https:\/\/drfillipeagra.com.br\/?p=264\" title=\"Vegetarianos\/Veganos tem ossos mais fracos?\">\n            <time datetime=\"26\/06\/2023\">26\/06\/2023<\/time>\n            <div class=\"eael-timeline-post-image  attachment-medium size-medium\" style=\"background-image: url(https:\/\/drfillipeagra.com.br\/wp-content\/uploads\/2023\/06\/vegdrfillipe-300x300.png);\"><\/div><div class=\"eael-timeline-post-excerpt\"><p>Uma revis\u00e3o sistem\u00e1tica (estudos n\u00edvel 1 de evid\u00eancia) publicada em 2019 tentou sanar essa d\u00favida. 20 estudos incluindo mais de 37 mil pacientes foram analisados, visando comparar as dietas de...<\/p><\/div><div class=\"eael-timeline-post-title\">\n                    <h4 class=\"eael-timeline-post-title-text\">Vegetarianos\/Veganos tem ossos mais fracos?<\/h4>\n                <\/div><\/a>\n    <\/div>\n<\/article><article class=\"eael-timeline-post eael-timeline-column\">\n    <div class=\"eael-timeline-bullet\"><\/div>\n    <div class=\"eael-timeline-post-inner\">\n        <a class=\"eael-timeline-post-link\" href=\"https:\/\/drfillipeagra.com.br\/?p=262\" title=\"A Hist\u00f3ria do Gesso Ortop\u00e9dico\">\n            <time datetime=\"26\/06\/2023\">26\/06\/2023<\/time>\n            <div class=\"eael-timeline-post-image  attachment-medium size-medium\" style=\"background-image: url(https:\/\/drfillipeagra.com.br\/wp-content\/uploads\/2023\/06\/Gesso-300x300.png);\"><\/div><div class=\"eael-timeline-post-excerpt\"><p>O gesso \u00e9 uma ferramenta importante no manejo de v\u00e1rios tipos de fraturas. E a hist\u00f3ria do gesso \u00e9 a quase a hist\u00f3ria da pr\u00e1tica ortop\u00e9dica. Gessos e talas t\u00eam...<\/p><\/div><div class=\"eael-timeline-post-title\">\n                    <h4 class=\"eael-timeline-post-title-text\">A Hist\u00f3ria do Gesso Ortop\u00e9dico<\/h4>\n                <\/div><\/a>\n    <\/div>\n<\/article><\/div>\n\t\t<\/div>            <div class=\"eael-load-more-button-wrap eael-force-hide\">\n                <button class=\"eael-load-more-button\" id=\"eael-load-more-btn-9aefa1d\" data-widget-id=\"9aefa1d\" data-widget=\"9aefa1d\" data-page-id=\"266\" data-template=\"{&quot;dir&quot;:&quot;lite&quot;,&quot;file_name&quot;:&quot;default.php&quot;,&quot;name&quot;:&quot;Post-Timeline&quot;}\" data-class=\"Essential_Addons_Elementor\\Elements\\Post_Timeline\" data-layout=\"\" data-page=\"1\" data-args=\"orderby=date&amp;order=desc&amp;ignore_sticky_posts=1&amp;post_status=publish&amp;posts_per_page=4&amp;offset=0&amp;post_type=post\" data-max-page=\"2\">\n                    <span class=\"eael-btn-loader button__loader\"><\/span>\n                    <span class=\"eael_load_more_text\"><\/span>\n                <\/button>\n            <\/div>\n            \t\t\t\t<\/div>\n\t\t\t\t<\/div>\n\t\t\t\t\t<\/div>\n\t\t<\/div>\n\t\t\t\t\t<\/div>\n\t\t<\/section>\n\t\t\t\t<section class=\"elementor-section elementor-top-section elementor-element elementor-element-cc54101 elementor-section-boxed elementor-section-height-default elementor-section-height-default\" data-id=\"cc54101\" data-element_type=\"section\" data-e-type=\"section\">\n\t\t\t\t\t\t<div class=\"elementor-container elementor-column-gap-default\">\n\t\t\t\t\t<div class=\"elementor-column elementor-col-66 elementor-top-column elementor-element elementor-element-cf1e205\" data-id=\"cf1e205\" data-element_type=\"column\" data-e-type=\"column\">\n\t\t\t<div class=\"elementor-widget-wrap elementor-element-populated\">\n\t\t\t\t\t\t<div class=\"elementor-element elementor-element-27d5187 elementor-grid-eael-col-3 elementor-grid-tablet-eael-col-2 elementor-grid-mobile-eael-col-1 elementor-widget elementor-widget-eael-post-grid\" data-id=\"27d5187\" data-element_type=\"widget\" data-e-type=\"widget\" data-settings=\"{&quot;eael_post_grid_columns&quot;:&quot;eael-col-3&quot;,&quot;eael_post_grid_columns_tablet&quot;:&quot;eael-col-2&quot;,&quot;eael_post_grid_columns_mobile&quot;:&quot;eael-col-1&quot;}\" data-widget_type=\"eael-post-grid.default\">\n\t\t\t\t<div class=\"elementor-widget-container\">\n\t\t\t\t\t<div id=\"eael-post-grid-27d5187\" class=\"eael-post-grid-container\">\n            <div class=\"eael-post-grid eael-post-appender eael-post-appender-27d5187 eael-post-grid-style-one\" data-layout-mode=\"grid\"><article class=\"eael-grid-post  eael-post-grid-column eael-pg-post-369 category-uncategorized\" data-id=\"369\">\n        <div class=\"eael-grid-post-holder\">\n            <div class=\"eael-grid-post-holder-inner\"><div class=\"eael-entry-media\"><div class=\"eael-entry-overlay fade-in\"><i class=\"fas fa-long-arrow-alt-right\" aria-hidden=\"true\"><\/i><a href=\"https:\/\/drfillipeagra.com.br\/?p=369\"><\/a><\/div><div class=\"eael-entry-thumbnail \">\n                <img fetchpriority=\"high\" decoding=\"async\" width=\"300\" height=\"278\" src=\"https:\/\/drfillipeagra.com.br\/wp-content\/uploads\/2024\/01\/double_row_0-xlarge-300x278.png\" class=\"attachment-medium size-medium wp-image-370\" alt=\"\" srcset=\"https:\/\/drfillipeagra.com.br\/wp-content\/uploads\/2024\/01\/double_row_0-xlarge-300x278.png 300w, https:\/\/drfillipeagra.com.br\/wp-content\/uploads\/2024\/01\/double_row_0-xlarge-768x710.png 768w, https:\/\/drfillipeagra.com.br\/wp-content\/uploads\/2024\/01\/double_row_0-xlarge.png 800w\" sizes=\"(max-width: 300px) 100vw, 300px\" \/>\n            <\/div>\n        <\/div><div class=\"eael-entry-wrapper\"><header class=\"eael-entry-header\"><h2 class=\"eael-entry-title\"><a class=\"eael-grid-post-link\" href=\"https:\/\/drfillipeagra.com.br\/?p=369\" title=\"Fileira Dupla ou Fileira Simples: Qual seria a melhor para Reparo do Manguito Rotador?\">Fileira Dupla ou Fileira Simples: Qual seria a melhor para Reparo do Manguito Rotador?<\/a><\/h2><\/header><div class=\"eael-entry-content\">\n                        <div class=\"eael-grid-post-excerpt\"><p>O reparo artrosc\u00f3pico do manguito rotador vem melhorando nos \u00faltimos anos, principalmente devido a curva de aprendizado dos cirurgi\u00f5es, qualidade dos instrumentais e melhores t\u00e9cnicas de fixa\u00e7\u00e3o. As suturas utilizando...<\/p><a href=\"https:\/\/drfillipeagra.com.br\/?p=369\" class=\"eael-post-elements-readmore-btn\">Leia mais!<\/a><\/div>\n                    <\/div><div class=\"eael-entry-footer\"><div class=\"eael-entry-meta\"><\/div><\/div><\/div><\/div>\n        <\/div>\n    <\/article><article class=\"eael-grid-post  eael-post-grid-column eael-pg-post-284 category-uncategorized\" data-id=\"284\">\n        <div class=\"eael-grid-post-holder\">\n            <div class=\"eael-grid-post-holder-inner\"><div class=\"eael-entry-media\"><div class=\"eael-entry-overlay fade-in\"><i class=\"fas fa-long-arrow-alt-right\" aria-hidden=\"true\"><\/i><a href=\"https:\/\/drfillipeagra.com.br\/?p=284\"><\/a><\/div><div class=\"eael-entry-thumbnail \">\n                <img decoding=\"async\" width=\"284\" height=\"300\" src=\"https:\/\/drfillipeagra.com.br\/wp-content\/uploads\/2023\/06\/tennis_elbow-1-284x300.jpeg\" class=\"attachment-medium size-medium wp-image-285\" alt=\"\" srcset=\"https:\/\/drfillipeagra.com.br\/wp-content\/uploads\/2023\/06\/tennis_elbow-1-284x300.jpeg 284w, https:\/\/drfillipeagra.com.br\/wp-content\/uploads\/2023\/06\/tennis_elbow-1-768x810.jpeg 768w, https:\/\/drfillipeagra.com.br\/wp-content\/uploads\/2023\/06\/tennis_elbow-1.jpeg 948w\" sizes=\"(max-width: 284px) 100vw, 284px\" \/>\n            <\/div>\n        <\/div><div class=\"eael-entry-wrapper\"><header class=\"eael-entry-header\"><h2 class=\"eael-entry-title\"><a class=\"eael-grid-post-link\" href=\"https:\/\/drfillipeagra.com.br\/?p=284\" title=\"Quais os tratamentos dispon\u00edveis para Epicondilite Lateral?\">Quais os tratamentos dispon\u00edveis para Epicondilite Lateral?<\/a><\/h2><\/header><div class=\"eael-entry-content\">\n                        <div class=\"eael-grid-post-excerpt\"><p>Existem diversas modalidades de tratamento conservadoras para tratar a epicondilite lateral, incluindo: 1. Fisioterapia: Exerc\u00edcios s\u00e3o sempre a primeira escolha no tratamento conservador, o alongamento e fortalecimento num protocolo individualizado...<\/p><a href=\"https:\/\/drfillipeagra.com.br\/?p=284\" class=\"eael-post-elements-readmore-btn\">Leia mais!<\/a><\/div>\n                    <\/div><div class=\"eael-entry-footer\"><div class=\"eael-entry-meta\"><\/div><\/div><\/div><\/div>\n        <\/div>\n    <\/article><article class=\"eael-grid-post  eael-post-grid-column eael-pg-post-264 category-uncategorized tags-cirurgia-ortopedica-ortopedia-ortopedia-e-traumatologia-joao-pessoa-vegetariano\" data-id=\"264\">\n        <div class=\"eael-grid-post-holder\">\n            <div class=\"eael-grid-post-holder-inner\"><div class=\"eael-entry-media\"><div class=\"eael-entry-overlay fade-in\"><i class=\"fas fa-long-arrow-alt-right\" aria-hidden=\"true\"><\/i><a href=\"https:\/\/drfillipeagra.com.br\/?p=264\"><\/a><\/div><div class=\"eael-entry-thumbnail \">\n                <img decoding=\"async\" width=\"300\" height=\"300\" src=\"https:\/\/drfillipeagra.com.br\/wp-content\/uploads\/2023\/06\/vegdrfillipe-300x300.png\" class=\"attachment-medium size-medium wp-image-296\" alt=\"\" srcset=\"https:\/\/drfillipeagra.com.br\/wp-content\/uploads\/2023\/06\/vegdrfillipe-300x300.png 300w, https:\/\/drfillipeagra.com.br\/wp-content\/uploads\/2023\/06\/vegdrfillipe-150x150.png 150w, https:\/\/drfillipeagra.com.br\/wp-content\/uploads\/2023\/06\/vegdrfillipe.png 472w\" sizes=\"(max-width: 300px) 100vw, 300px\" \/>\n            <\/div>\n        <\/div><div class=\"eael-entry-wrapper\"><header class=\"eael-entry-header\"><h2 class=\"eael-entry-title\"><a class=\"eael-grid-post-link\" href=\"https:\/\/drfillipeagra.com.br\/?p=264\" title=\"Vegetarianos\/Veganos tem ossos mais fracos?\">Vegetarianos\/Veganos tem ossos mais fracos?<\/a><\/h2><\/header><div class=\"eael-entry-content\">\n                        <div class=\"eael-grid-post-excerpt\"><p>Uma revis\u00e3o sistem\u00e1tica (estudos n\u00edvel 1 de evid\u00eancia) publicada em 2019 tentou sanar essa d\u00favida. 20 estudos incluindo mais de 37 mil pacientes foram analisados, visando comparar as dietas de...<\/p><a href=\"https:\/\/drfillipeagra.com.br\/?p=264\" class=\"eael-post-elements-readmore-btn\">Leia mais!<\/a><\/div>\n                    <\/div><div class=\"eael-entry-footer\"><div class=\"eael-entry-meta\"><\/div><\/div><\/div><\/div>\n        <\/div>\n    <\/article><\/div>\n            <div class=\"clearfix\"><\/div>\n        <\/div>            <div class=\"eael-load-more-button-wrap eael-force-hide\">\n                <button class=\"eael-load-more-button\" id=\"eael-load-more-btn-27d5187\" data-widget-id=\"27d5187\" data-widget=\"27d5187\" data-page-id=\"266\" data-template=\"{&quot;dir&quot;:&quot;lite&quot;,&quot;file_name&quot;:&quot;one.php&quot;,&quot;name&quot;:&quot;Post-Grid&quot;}\" data-class=\"Essential_Addons_Elementor\\Elements\\Post_Grid\" data-layout=\"grid\" data-page=\"1\" data-args=\"orderby=date&amp;order=desc&amp;ignore_sticky_posts=1&amp;post_status=publish&amp;posts_per_page=3&amp;offset=0&amp;post_type=post\" data-max-page=\"2\">\n                    <span class=\"eael-btn-loader button__loader\"><\/span>\n                    <span class=\"eael_load_more_text\">Load More<\/span>\n                <\/button>\n            <\/div>\n            \t\t\t\t<\/div>\n\t\t\t\t<\/div>\n\t\t\t\t\t<\/div>\n\t\t<\/div>\n\t\t\t\t<div class=\"elementor-column elementor-col-33 elementor-top-column elementor-element elementor-element-e782489\" data-id=\"e782489\" data-element_type=\"column\" data-e-type=\"column\">\n\t\t\t<div class=\"elementor-widget-wrap elementor-element-populated\">\n\t\t\t\t\t\t<div class=\"elementor-element elementor-element-9292e3f elementor-widget elementor-widget-wp-widget-archives\" data-id=\"9292e3f\" data-element_type=\"widget\" data-e-type=\"widget\" data-widget_type=\"wp-widget-archives.default\">\n\t\t\t\t<div class=\"elementor-widget-container\">\n\t\t\t\t\t<h5>Arquivo<\/h5><nav aria-label=\"Arquivo\">\n\t\t\t<ul>\n\t\t\t\t\t<li><a href='https:\/\/drfillipeagra.com.br\/?m=202401'>janeiro 2024<\/a><\/li>\n\t<li><a href='https:\/\/drfillipeagra.com.br\/?m=202306'>junho 2023<\/a><\/li>\n\t\t\t<\/ul>\n\n\t\t\t<\/nav>\t\t\t\t<\/div>\n\t\t\t\t<\/div>\n\t\t\t\t\t<\/div>\n\t\t<\/div>\n\t\t\t\t\t<\/div>\n\t\t<\/section>\n\t\t\t\t<\/div>\n\t\t","protected":false},"excerpt":{"rendered":"<p>27\/06\/2023 Existem diversas modalidades de tratamento conservadoras para tratar a epicondilite lateral, incluindo: 1. Fisioterapia: Exerc\u00edcios s\u00e3o sempre a primeira escolha no tratamento conservador, o alongamento e fortalecimento num protocolo individualizado&#8230; Quais os tratamentos dispon\u00edveis para Epicondilite Lateral? 26\/06\/2023 Uma revis\u00e3o sistem\u00e1tica (estudos n\u00edvel 1 de evid\u00eancia) publicada em 2019 tentou sanar essa d\u00favida. 20 [&hellip;]<\/p>\n","protected":false},"author":1,"featured_media":0,"parent":0,"menu_order":0,"comment_status":"closed","ping_status":"closed","template":"","meta":{"footnotes":""},"class_list":["post-266","page","type-page","status-publish","hentry"],"_links":{"self":[{"href":"https:\/\/drfillipeagra.com.br\/index.php?rest_route=\/wp\/v2\/pages\/266","targetHints":{"allow":["GET"]}}],"collection":[{"href":"https:\/\/drfillipeagra.com.br\/index.php?rest_route=\/wp\/v2\/pages"}],"about":[{"href":"https:\/\/drfillipeagra.com.br\/index.php?rest_route=\/wp\/v2\/types\/page"}],"author":[{"embeddable":true,"href":"https:\/\/drfillipeagra.com.br\/index.php?rest_route=\/wp\/v2\/users\/1"}],"replies":[{"embeddable":true,"href":"https:\/\/drfillipeagra.com.br\/index.php?rest_route=%2Fwp%2Fv2%2Fcomments&post=266"}],"version-history":[{"count":14,"href":"https:\/\/drfillipeagra.com.br\/index.php?rest_route=\/wp\/v2\/pages\/266\/revisions"}],"predecessor-version":[{"id":292,"href":"https:\/\/drfillipeagra.com.br\/index.php?rest_route=\/wp\/v2\/pages\/266\/revisions\/292"}],"wp:attachment":[{"href":"https:\/\/drfillipeagra.com.br\/index.php?rest_route=%2Fwp%2Fv2%2Fmedia&parent=266"}],"curies":[{"name":"wp","href":"https:\/\/api.w.org\/{rel}","templated":true}]}}